{"id":30,"date":"2018-06-06T11:14:31","date_gmt":"2018-06-06T11:14:31","guid":{"rendered":"https:\/\/anmformacion.com\/?page_id=30"},"modified":"2018-06-06T11:50:07","modified_gmt":"2018-06-06T11:50:07","slug":"inicio","status":"publish","type":"page","link":"https:\/\/anmformacion.com\/","title":{"rendered":"Inicio"},"content":{"rendered":"<p>\u00a1Bienvenido a ANM Formaci\u00f3n!\u00a0 Actualmente est\u00e1mos en construcci\u00f3n, pronto podr\u00e1 conocer nuestra web completa<\/p>\n","protected":false},"excerpt":{"rendered":"<p>\u00a1Bienvenido a ANM Formaci\u00f3n!\u00a0 Actualmente est\u00e1mos en construcci\u00f3n, pronto podr\u00e1 conocer nuestra web completa<\/p>\n","protected":false},"author":1,"featured_media":0,"parent":0,"menu_order":0,"comment_status":"closed","ping_status":"closed","template":"","meta":{"footnotes":""},"class_list":["post-30","page","type-page","status-publish","hentry"],"_links":{"self":[{"href":"https:\/\/anmformacion.com\/index.php\/wp-json\/wp\/v2\/pages\/30","targetHints":{"allow":["GET"]}}],"collection":[{"href":"https:\/\/anmformacion.com\/index.php\/wp-json\/wp\/v2\/pages"}],"about":[{"href":"https:\/\/anmformacion.com\/index.php\/wp-json\/wp\/v2\/types\/page"}],"author":[{"embeddable":true,"href":"https:\/\/anmformacion.com\/index.php\/wp-json\/wp\/v2\/users\/1"}],"replies":[{"embeddable":true,"href":"https:\/\/anmformacion.com\/index.php\/wp-json\/wp\/v2\/comments?post=30"}],"version-history":[{"count":4,"href":"https:\/\/anmformacion.com\/index.php\/wp-json\/wp\/v2\/pages\/30\/revisions"}],"predecessor-version":[{"id":65,"href":"https:\/\/anmformacion.com\/index.php\/wp-json\/wp\/v2\/pages\/30\/revisions\/65"}],"wp:attachment":[{"href":"https:\/\/anmformacion.com\/index.php\/wp-json\/wp\/v2\/media?parent=30"}],"curies":[{"name":"wp","href":"https:\/\/api.w.org\/{rel}","templated":true}]}}